{"id":733,"date":"2026-01-13T11:33:06","date_gmt":"2026-01-13T19:33:06","guid":{"rendered":"https:\/\/pcvdevel.wpenginepowered.com\/?page_id=733"},"modified":"2026-02-16T00:33:04","modified_gmt":"2026-02-16T08:33:04","slug":"obtener-mentoria","status":"publish","type":"page","link":"https:\/\/www.pacificcommunityventures.org\/es\/get-mentorship\/","title":{"rendered":"Obtenga mentor\u00eda"},"content":{"rendered":"<h1>Asesoramiento para peque\u00f1as empresas<\/h1><p>Con\u00e9ctese con un profesional experimentado que comprende sus desaf\u00edos y le brinda orientaci\u00f3n pr\u00e1ctica para sostener su negocio.<\/p>\n<h2>\n\t\t\tCada propietario de una peque\u00f1a empresa se enfrenta a retos \u00fanicos. Contar con la orientaci\u00f3n adecuada puede marcar la diferencia.\t<\/h2>\n\t<p>Nuestro Programa de Asesoramiento Empresarial lo conecta con mentores experimentados que ofrecen apoyo pr\u00e1ctico e individual adaptado a sus objetivos.<\/p>\n<p>En promedio, los empresarios que participan en nuestro programa reciben 15 horas de asesor\u00eda gratuita con un valor de m\u00e1s de $2,900*. Quienes trabajan con mentores voluntarios seleccionados a trav\u00e9s de nuestro programa tienen el doble de probabilidades de crear empleos y experimentar un crecimiento de ingresos de 14%.<\/p>\n<p><small><em>*Fuente de datos: Valoraci\u00f3n de la Fundaci\u00f3n Taproot del tiempo donado por profesionales.<\/em><\/small><\/p>\n\t<p>Puedes elegir entre 27 \u00e1reas de especializaci\u00f3n, como finanzas, marketing, operaciones y planificaci\u00f3n empresarial. Nuestros mentores est\u00e1n disponibles en 53 idiomas diferentes para garantizar una comunicaci\u00f3n fluida y fluida.<\/p>\n\t\t\t\tGesti\u00f3n financiera y de operaciones\n\t\t\t\t<ul>\n<li>Presupuesto y contabilidad<\/li>\n<li>Estrategia de TI \/ Implementaci\u00f3n de IA \/ Automatizaci\u00f3n<\/li>\n<li>Planificaci\u00f3n e informes financieros<\/li>\n<li>Gobernanza y legal<\/li>\n<li>Estrategia de financiaci\u00f3n<\/li>\n<li>An\u00e1lisis de la industria y la competencia<\/li>\n<li>De empresa a consumidor<\/li>\n<li>De empresa a empresa<\/li>\n<li>De empresa a gobierno<\/li>\n<li>Obtenci\u00f3n<\/li>\n<li>Comercio internacional<\/li>\n<li>Gesti\u00f3n de la cadena de suministro<\/li>\n<\/ul>\n\t\t\t\tEstrategia y marketing en redes sociales\n\t\t\t\t<ul>\n<li>Estrategia de marketing y redes sociales <\/li>\n<\/ul>\n\t\t\t\tContrataci\u00f3n, capacitaci\u00f3n y retenci\u00f3n de personal\n\t\t\t\t<ul>\n<li>Asociaciones<\/li>\n<li>Visi\u00f3n ejecutiva y liderazgo de equipo<\/li>\n<li>Compensaci\u00f3n de empleados<\/li>\n<li>Beneficios para la salud<\/li>\n<li>Beneficios de jubilaci\u00f3n<\/li>\n<li>Contrataci\u00f3n \/ Capacitaci\u00f3n \/ Desarrollo profesional<\/li>\n<li>Roles de los empleados \/ Personal \/ Programaci\u00f3n<\/li>\n<li>Propiedad de los empleados (por ejemplo, cooperativa de trabajadores\/ESOP)<\/li>\n<li>Compromiso de los empleados y cultura laboral<\/li>\n<\/ul>\n\t\t\t\tResiliencia y preparaci\u00f3n clim\u00e1tica\n\t\t\t\t<ul>\n<li>Certificaci\u00f3n y est\u00e1ndares verdes<\/li>\n<li>Pr\u00e1cticas comerciales sostenibles<\/li>\n<li>Energ\u00eda limpia y eficiencia energ\u00e9tica<\/li>\n<\/ul>\n\t\t\t\tValoraci\u00f3n de empresas y estrategia de salida\n\t\t\t\t<ul>\n<li>Estrategia y ejecuci\u00f3n empresarial<\/li>\n<li>Valoraci\u00f3n de empresas y estrategia de salida<\/li>\n<\/ul>\n\t\t\t\t\t\t<h2>Mentor\u00eda que le ayuda a gestionar, mejorar y crecer<\/h2>\t\t\t\t\t\n\t\t\t<p>Toda la asesor\u00eda es virtual, confidencial y se adapta a tus objetivos. Ya sea que necesites ayuda para gestionar tu flujo de caja, mejorar tu marketing o planificar el futuro, estamos aqu\u00ed para apoyarte. \u00danete al programa de Asesor\u00eda Empresarial y recibe la orientaci\u00f3n que necesitas para fortalecer tu negocio y mantenerlo en crecimiento.<\/p>\t\t\n\t\t\t\t<a href=\"https:\/\/mentoring.qooper.io\/join\/2aff1e\" role=\"button\" target=\"_blank\">\n\t\t\t\t\t\t\t\t\t\t\u00danase a Asesor\u00eda Empresarial\n\t\t\t\t\t\t\t\t\t<\/a>\n<h2>\n\t\t\t\u00a0C\u00f3mo funciona\t<\/h2>\n\t<ul>\n\t\t\t<li>\n\t\t\t\t1\n\t\t\t<\/li>\n\t\t<\/ul>\n\t<h3>\n\t\t\t\tCrea tu perfil\n\t\t\t<\/h3>\n\t<p><a href=\"https:\/\/mentoring.qooper.io\/join\/2aff1e\" target=\"_blank\" rel=\"noopener\">Reg\u00edstrate en Qooper<\/a> y compartir informaci\u00f3n sobre usted, su negocio, las oportunidades que ve y los desaf\u00edos que enfrenta.<\/p>\n\t<ul>\n\t\t\t<li>\n\t\t\t\t2\n\t\t\t<\/li>\n\t\t<\/ul>\n\t<h3>\n\t\t\t\tSeleccione un mentor\n\t\t\t<\/h3>\n\t<p>Elija un mentor que se ajuste a sus necesidades o deje que nuestros gerentes de relaciones lo emparejen con el mentor adecuado.<\/p>\n\t<ul>\n\t\t\t<li>\n\t\t\t\t3\n\t\t\t<\/li>\n\t\t<\/ul>\n\t<h3>\n\t\t\t\tPrograme su primera reuni\u00f3n\n\t\t\t<\/h3>\n\t<p>Conozca a su mentor y comience a trabajar en estrategias para sostener y hacer crecer su negocio.<\/p>\n\t<p>Los gerentes de relaciones de PCV estar\u00e1n disponibles para responder preguntas, abordar inquietudes y brindarle apoyo durante su tutor\u00eda.<\/p>\n<p>\u00danete al Programa de Asesor\u00eda Empresarial y comienza a construir tu red de apoyo.<\/p>\n\t\t\t<a href=\"https:\/\/mentoring.qooper.io\/join\/2aff1e\" target=\"_blank\" rel=\"noopener\">\n\t\t\t\t\t\t\tEncuentra un mentor\n\t\t\t\t\t<\/a>\n\t\t\t\t\t\t<h2>Kit de herramientas para buenos empleos<\/h2>\t\t\t\t\t\n\t\t\t<p>Sabemos que desea ofrecer buenos empleos, pero aumentar los salarios, a\u00f1adir beneficios o saber c\u00f3mo involucrar a su equipo puede resultar abrumador. El Kit de Herramientas para Buenos Empleos ofrece orientaci\u00f3n pr\u00e1ctica para apoyar a sus empleados e impulsar el \u00e9xito de su negocio. \u00daselo para fortalecer su equipo y fortalecer su negocio.<\/p>\t\t\n\t\t\t<a href=\"https:\/\/www.pacificcommunityventures.org\/es\/kit-de-herramientas-para-buenos-empleos\/\" title=\"M\u00e1s informaci\u00f3n\" target=\"_self\"   role=\"button\" aria-label=\"M\u00e1s informaci\u00f3n\">\n\t\t\t\t\t\t\tM\u00e1s informaci\u00f3n\n\t\t\t\t\t\t\t\t\t<img decoding=\"async\" src=\"https:\/\/pacificcommunityventures.org\/wp-content\/uploads\/sites\/9\/2025\/09\/icon_toolkit_folder.png\" alt=\"\">\n\t\t<\/a>\n<figure itemscope itemtype=\"https:\/\/schema.org\/ImageObject\">\n\t\t\t\t<img decoding=\"async\" src=\"https:\/\/pacificcommunityventures.org\/wp-content\/uploads\/sites\/9\/2026\/01\/GJTK_Business-Owners.jpg\" alt=\"Dos due\u00f1os de negocios sonriendo\" height=\"1118\" width=\"1600\" title=\"GJTK_Propietarios de empresas\" onerror=\"this.style.display='none'\" loading=\"lazy\" \/>\n\t<\/figure>","protected":false},"excerpt":{"rendered":"<p>Asesor\u00eda para Peque\u00f1as Empresas. Con\u00e9ctese con un profesional experimentado que comprende sus desaf\u00edos y le brinda orientaci\u00f3n pr\u00e1ctica para impulsar su negocio. Cada propietario de una peque\u00f1a empresa enfrenta desaf\u00edos \u00fanicos. Contar con la orientaci\u00f3n adecuada puede marcar la diferencia. Nuestro Programa de Asesor\u00eda Empresarial le conecta con mentores experimentados que ofrecen apoyo pr\u00e1ctico e individualizado, adaptado a sus objetivos. En\u2026<\/p>","protected":false},"author":61,"featured_media":0,"parent":0,"menu_order":0,"comment_status":"closed","ping_status":"closed","template":"","meta":{"_acf_changed":false,"ngg_post_thumbnail":0,"footnotes":""},"class_list":["post-733","page","type-page","status-publish","hentry"],"acf":[],"_links":{"self":[{"href":"https:\/\/www.pacificcommunityventures.org\/es\/wp-json\/wp\/v2\/pages\/733","targetHints":{"allow":["GET"]}}],"collection":[{"href":"https:\/\/www.pacificcommunityventures.org\/es\/wp-json\/wp\/v2\/pages"}],"about":[{"href":"https:\/\/www.pacificcommunityventures.org\/es\/wp-json\/wp\/v2\/types\/page"}],"author":[{"embeddable":true,"href":"https:\/\/www.pacificcommunityventures.org\/es\/wp-json\/wp\/v2\/users\/61"}],"replies":[{"embeddable":true,"href":"https:\/\/www.pacificcommunityventures.org\/es\/wp-json\/wp\/v2\/comments?post=733"}],"version-history":[{"count":2,"href":"https:\/\/www.pacificcommunityventures.org\/es\/wp-json\/wp\/v2\/pages\/733\/revisions"}],"predecessor-version":[{"id":29458,"href":"https:\/\/www.pacificcommunityventures.org\/es\/wp-json\/wp\/v2\/pages\/733\/revisions\/29458"}],"wp:attachment":[{"href":"https:\/\/www.pacificcommunityventures.org\/es\/wp-json\/wp\/v2\/media?parent=733"}],"curies":[{"name":"wp","href":"https:\/\/api.w.org\/{rel}","templated":true}]}}