{"id":885,"date":"2026-01-19T11:14:34","date_gmt":"2026-01-19T19:14:34","guid":{"rendered":"https:\/\/pcvdevel.wpenginepowered.com\/?page_id=885"},"modified":"2026-03-10T13:03:29","modified_gmt":"2026-03-10T20:03:29","slug":"doi-ngu-cua-chung-toi","status":"publish","type":"page","link":"https:\/\/www.pacificcommunityventures.org\/vi\/about\/our-team\/","title":{"rendered":"\u0110\u1ed9i ng\u0169 c\u1ee7a ch\u00fang t\u00f4i"},"content":{"rendered":"<h1>\u0110\u1ed9i ng\u0169 c\u1ee7a ch\u00fang t\u00f4i<\/h1>\r\n<h2>Nh\u00e2n vi\u00ean PCV<\/h2>\r\n<h2>H\u1ed9i \u0111\u1ed3ng qu\u1ea3n tr\u1ecb<\/h2>\r\n<h2>H\u1ed9i \u0111\u1ed3ng t\u01b0 v\u1ea5n<\/h2>","protected":false},"excerpt":{"rendered":"<p>\u0110\u1ed9i ng\u0169 c\u1ee7a ch\u00fang t\u00f4i Nh\u00e2n vi\u00ean PCV Ban Gi\u00e1m \u0111\u1ed1c H\u1ed9i \u0111\u1ed3ng C\u1ed1 v\u1ea5n<\/p>","protected":false},"author":61,"featured_media":0,"parent":877,"menu_order":2,"comment_status":"closed","ping_status":"closed","template":"","meta":{"_acf_changed":false,"ngg_post_thumbnail":0,"footnotes":""},"class_list":["post-885","page","type-page","status-publish","hentry"],"acf":[],"_links":{"self":[{"href":"https:\/\/www.pacificcommunityventures.org\/vi\/wp-json\/wp\/v2\/pages\/885","targetHints":{"allow":["GET"]}}],"collection":[{"href":"https:\/\/www.pacificcommunityventures.org\/vi\/wp-json\/wp\/v2\/pages"}],"about":[{"href":"https:\/\/www.pacificcommunityventures.org\/vi\/wp-json\/wp\/v2\/types\/page"}],"author":[{"embeddable":true,"href":"https:\/\/www.pacificcommunityventures.org\/vi\/wp-json\/wp\/v2\/users\/61"}],"replies":[{"embeddable":true,"href":"https:\/\/www.pacificcommunityventures.org\/vi\/wp-json\/wp\/v2\/comments?post=885"}],"version-history":[{"count":1,"href":"https:\/\/www.pacificcommunityventures.org\/vi\/wp-json\/wp\/v2\/pages\/885\/revisions"}],"predecessor-version":[{"id":29664,"href":"https:\/\/www.pacificcommunityventures.org\/vi\/wp-json\/wp\/v2\/pages\/885\/revisions\/29664"}],"up":[{"embeddable":true,"href":"https:\/\/www.pacificcommunityventures.org\/vi\/wp-json\/wp\/v2\/pages\/877"}],"wp:attachment":[{"href":"https:\/\/www.pacificcommunityventures.org\/vi\/wp-json\/wp\/v2\/media?parent=885"}],"curies":[{"name":"trang web","href":"https:\/\/api.w.org\/{rel}","templated":true}]}}